{"id":387,"date":"2026-04-26T14:43:41","date_gmt":"2026-04-26T14:43:41","guid":{"rendered":"http:\/\/minariajans.com\/about\/"},"modified":"2026-04-26T15:43:23","modified_gmt":"2026-04-26T15:43:23","slug":"hakkimizda","status":"publish","type":"page","link":"https:\/\/minariajans.com\/?page_id=387","title":{"rendered":"hakk\u0131m\u0131zda"},"content":{"rendered":"\n<div class=\"wp-block-uagb-container uagb-block-a346fe34 alignfull uagb-is-root-container\"><div class=\"uagb-container-inner-blocks-wrap\">\n<div class=\"wp-block-uagb-info-box uagb-block-8efca8eb uagb-infobox__content-wrap  uagb-infobox-icon-above-title uagb-infobox-image-valign-top\"><div class=\"uagb-ifb-content\"><div class=\"uagb-ifb-title-wrap\"><h1 class=\"uagb-ifb-title\">Hakk\u0131m\u0131zda<\/h1><\/div><\/div><\/div>\n<\/div><\/div>\n\n\n\n<div class=\"wp-block-uagb-container uagb-block-45ccac18 alignfull uagb-is-root-container\"><div class=\"uagb-container-inner-blocks-wrap\">\n<div class=\"wp-block-uagb-container uagb-block-22090f6a\">\n<p><\/p>\n\n\n\n<div class=\"wp-block-uagb-info-box uagb-block-f9f23318 uagb-infobox__content-wrap  uagb-infobox-icon-above-title uagb-infobox-image-valign-top\"><div class=\"uagb-ifb-content\"><div class=\"uagb-ifb-title-wrap\"><h2 class=\"uagb-ifb-title-prefix\">Hakk\u0131m\u0131zda<\/h2><h4 class=\"uagb-ifb-title\">Focus Your Time and Efforts on Running Your Business and Leave the Accounting to Me<\/h4><\/div><p class=\"uagb-ifb-desc\">minariajans, dijital reklamc\u0131l\u0131\u011f\u0131 yaln\u0131zca bir g\u00f6r\u00fcn\u00fcrl\u00fck arac\u0131 olarak de\u011fil, <strong>\u00f6l\u00e7\u00fclebilir ve s\u00fcrd\u00fcr\u00fclebilir b\u00fcy\u00fcmenin temel yap\u0131 ta\u015f\u0131<\/strong> olarak konumland\u0131ran bir performans ajans\u0131d\u0131r.<br>G\u00fcn\u00fcm\u00fcz rekabet ortam\u0131nda markalar i\u00e7in as\u0131l de\u011fer, reklam vermek de\u011fil; do\u011fru strateji, g\u00fc\u00e7l\u00fc i\u00e7erik ve veri odakl\u0131 optimizasyon ile bu yat\u0131r\u0131m\u0131 <strong>somut sonu\u00e7lara d\u00f6n\u00fc\u015ft\u00fcrebilmektir.<\/strong> minariajans, bu anlay\u0131\u015fla markalara u\u00e7tan uca bir b\u00fcy\u00fcme yakla\u015f\u0131m\u0131 sunar.<br>\u00c7al\u0131\u015fma modelimiz; stratejik planlama, yarat\u0131c\u0131 prod\u00fcksiyon ve performans pazarlamas\u0131n\u0131 entegre eden b\u00fct\u00fcnc\u00fcl bir sistem \u00fczerine kuruludur. Her marka i\u00e7in \u00f6zel olarak kurgulanan bu yap\u0131 sayesinde, ileti\u015fim dili g\u00fc\u00e7lendirilir, hedef kitle ile daha etkili ba\u011f kurulur ve reklam yat\u0131r\u0131mlar\u0131 maksimum verimlilikle y\u00f6netilir.<br>S\u00fcre\u00e7lerimizin merkezinde veri bulunur.<br>T\u00fcm kampanyalar analiz edilir, \u00f6l\u00e7\u00fcmlenir ve s\u00fcrekli optimize edilir. B\u00f6ylece yaln\u0131zca k\u0131sa vadeli kazan\u0131mlar de\u011fil, <strong>uzun vadeli ve \u00f6l\u00e7eklenebilir b\u00fcy\u00fcme<\/strong> hedeflenir.<br>minariajans i\u00e7in ba\u015far\u0131; y\u00fcksek etkile\u015fim rakamlar\u0131ndan \u00f6te, i\u015f ortaklar\u0131n\u0131n <strong>ticari performans\u0131na sa\u011flad\u0131\u011f\u0131 katk\u0131<\/strong> ile tan\u0131mlan\u0131r.<br>Bu do\u011frultuda minariajans, geleneksel bir ajans yakla\u015f\u0131m\u0131n\u0131n \u00f6tesine ge\u00e7erek,<br>markalar i\u00e7in <strong>stratejik bir b\u00fcy\u00fcme partneri<\/strong> olarak konumlan\u0131r.<\/p><\/div><\/div>\n<\/div>\n\n\n\n<div class=\"wp-block-uagb-container uagb-block-7bcc069a\">\n<div class=\"wp-block-uagb-image uagb-block-958bfa03 wp-block-uagb-image--layout-default wp-block-uagb-image--effect-static wp-block-uagb-image--align-none\"><figure class=\"wp-block-uagb-image__figure\"><img decoding=\"async\" srcset=\"https:\/\/minariajans.com\/wp-content\/uploads\/2020\/01\/about-bg-img.jpg ,https:\/\/minariajans.com\/wp-content\/uploads\/2020\/01\/about-bg-img.jpg 780w, https:\/\/minariajans.com\/wp-content\/uploads\/2020\/01\/about-bg-img.jpg 360w\" sizes=\"auto, (max-width: 480px) 150px\" src=\"https:\/\/minariajans.com\/wp-content\/uploads\/2020\/01\/about-bg-img.jpg\" alt=\"about bg img\" class=\"uag-image-1118\" width=\"430\" height=\"350\" title=\"about bg img\" loading=\"lazy\" role=\"img\"\/><\/figure><\/div>\n<\/div>\n<\/div><\/div>\n\n\n\n<div class=\"wp-block-uagb-container uagb-block-f1a4a40f alignfull uagb-is-root-container\"><div class=\"uagb-container-inner-blocks-wrap\">\n<div class=\"wp-block-uagb-info-box uagb-block-3956e5cd uagb-infobox__content-wrap  uagb-infobox-icon-above-title uagb-infobox-image-valign-top\"><div class=\"uagb-ifb-content\"><div class=\"uagb-ifb-title-wrap\"><h6 class=\"uagb-ifb-title-prefix\">Menejerlik Hizmetleri<\/h6><h2 class=\"uagb-ifb-title\">minariajans olarak sundu\u011fumuz menejerlik hizmetleri, markalar\u0131n ve i\u015f ortaklar\u0131m\u0131z\u0131n dijitalde yaln\u0131zca var olmas\u0131n\u0131 de\u011fil, <strong>do\u011fru konumlanarak s\u00fcrd\u00fcr\u00fclebilir \u015fekilde b\u00fcy\u00fcmesini<\/strong> hedefler.<\/h2><\/div><p class=\"uagb-ifb-desc\">Bu kapsamda menejerlik; i\u00e7erik, reklam ve ileti\u015fim s\u00fcre\u00e7lerinin tek bir \u00e7at\u0131 alt\u0131nda <strong>stratejik olarak y\u00f6netilmesini<\/strong> i\u00e7erir. Her marka i\u00e7in \u00f6zel olarak olu\u015fturulan bu yap\u0131 sayesinde, t\u00fcm dijital varl\u0131klar tutarl\u0131, g\u00fc\u00e7l\u00fc ve sonu\u00e7 odakl\u0131 bir \u015fekilde ilerler.<\/p><\/div><\/div>\n\n\n\n<div class=\"wp-block-uagb-container uagb-block-abc04609\">\n<div class=\"wp-block-uagb-container uagb-block-ae44242b\">\n<div class=\"wp-block-uagb-advanced-heading uagb-block-a091a2ec\"><p class=\"uagb-desc-text\"><strong>Stratejik Planlama<\/strong><br>Markan\u0131n hedefleri, hedef kitlesi ve pazardaki konumu analiz edilerek, uzun vadeli bir b\u00fcy\u00fcme yol haritas\u0131 olu\u015fturulur.<br><strong>\u0130\u00e7erik ve Prod\u00fcksiyon Y\u00f6netimi<\/strong><br>Marka kimli\u011fine uygun, dikkat \u00e7eke<\/p><\/div>\n\n\n\n<div class=\"wp-block-uagb-advanced-heading uagb-block-457dd164\"><\/div>\n<\/div>\n\n\n\n<div class=\"wp-block-uagb-container uagb-block-ff5d20d8\">\n<div class=\"wp-block-uagb-advanced-heading uagb-block-db290e2b\"><p class=\"uagb-desc-text\"><strong>Reklam ve Performans Y\u00f6netimi<\/strong><br>Meta ve di\u011fer dijital platformlarda y\u00fcr\u00fct\u00fclen reklam kampanyalar\u0131, veri odakl\u0131 olarak optimize edilir ve maksimum verim hedeflenir.<br><strong>\u0130leti\u015fim ve Marka Dili<\/strong><br>Markan\u0131n dijitaldeki duru\u015fu, tonu ve mesajlar\u0131 b\u00fct\u00fcnc\u00fcl bir \u015fekilde y\u00f6netilerek g\u00fc\u00e7l\u00fc bir alg\u0131 olu\u015fturulur.<\/p><\/div>\n<\/div>\n<\/div>\n\n\n\n<div class=\"wp-block-uagb-container uagb-block-e8a957aa\">\n<div class=\"wp-block-uagb-container uagb-block-f74d9cb4\">\n<div class=\"wp-block-uagb-advanced-heading uagb-block-32a3d058\"><\/div>\n\n\n\n<p><strong>S\u00fcrekli Analiz ve Optimizasyon<\/strong><br>T\u00fcm s\u00fcre\u00e7ler d\u00fczenli olarak analiz edilir, performans verileri do\u011frultusunda iyile\u015ftirmeler yap\u0131l\u0131r ve b\u00fcy\u00fcme s\u00fcrd\u00fcr\u00fclebilir hale getirilir.<\/p>\n<\/div>\n\n\n\n<div class=\"wp-block-uagb-container uagb-block-036547cb\">\n<div class=\"wp-block-uagb-advanced-heading uagb-block-8423c9fd\"><\/div>\n\n\n\n<p><strong>S\u00fcrekli Analiz ve Optimizasyon<\/strong><br>T\u00fcm s\u00fcre\u00e7ler d\u00fczenli olarak analiz edilir, performans verileri do\u011frultusunda iyile\u015ftirmeler yap\u0131l\u0131r ve b\u00fcy\u00fcme s\u00fcrd\u00fcr\u00fclebilir hale getirilir.<\/p>\n<\/div>\n<\/div>\n\n\n\n<div class=\"wp-block-uagb-container uagb-block-9600ed8c\">\n<div class=\"wp-block-uagb-container uagb-block-a2834675\">\n<div class=\"wp-block-uagb-advanced-heading uagb-block-3235d411\"><\/div>\n\n\n\n<p>Bu sayede markalar;<br>daha g\u00fc\u00e7l\u00fc bir alg\u0131ya sahip olur,<br>daha do\u011fru kitleye ula\u015f\u0131r<br>ve dijital yat\u0131r\u0131mlar\u0131ndan maksimum geri d\u00f6n\u00fc\u015f elde eder.<\/p>\n<\/div>\n<\/div>\n<\/div><\/div>\n\n\n\n<div class=\"wp-block-uagb-container uagb-layout-grid uagb-block-07d10e4b alignfull uagb-is-root-container\"><div class=\"uagb-container-inner-blocks-wrap\">\n<div class=\"wp-block-uagb-advanced-heading uagb-block-fad73010\"><h4 class=\"uagb-heading-text\">I Have Been Featured In:<\/h4><\/div>\n\n\n\t\t\t\t\t<div\n\t\t\t\t\t\tclass=\"wp-block-uagb-image-gallery uagb-block-61cf55b8     \"\n\t\t\t\t\t\tstyle=\"\"\n\t\t\t\t\t>\n\t\t\t\t\t\t\t\t\t\t\t<div class=\"spectra-image-gallery spectra-image-gallery__layout--carousel\">\n\t\t\t\t\t\t\t\t<div class=\"uagb-slick-carousel uagb-block-61cf55b8\">\n\t\t\t\t\t\t\t\t\t\t\t\t<div class='spectra-image-gallery__media-wrapper' data-spectra-gallery-image-id='82'>\n\t\t\t\t\t\t\t<div class=\"spectra-image-gallery__media spectra-image-gallery__media--carousel\">\n\t\t\t\t<picture>\n\t\t\t\t\t<source media=\"(min-width: 1024px)\" srcset=\"http:\/\/minariajans.com\/wp-content\/uploads\/2018\/08\/logo-03-free-img.jpg\">\n\t\t\t\t\t<source media=\"(min-width: 768px)\" srcset=\"http:\/\/minariajans.com\/wp-content\/uploads\/2018\/08\/logo-03-free-img.jpg\">\n\t\t\t\t\t<img decoding=\"async\" class=\"spectra-image-gallery__media-thumbnail spectra-image-gallery__media-thumbnail--carousel\" src=\"http:\/\/minariajans.com\/wp-content\/uploads\/2018\/08\/logo-03-free-img.jpg\" alt=\"Logo\" loading=\"lazy\" title=\"hakk\u0131m\u0131zda\">\n\t\t\t\t<\/picture>\n\t\t\t\t<div class=\"spectra-image-gallery__media-thumbnail-blurrer\"><\/div>\n\t\t\t\t\t\t\t\t\t\t\t<div class=\"spectra-image-gallery__media-thumbnail-caption-wrapper spectra-image-gallery__media-thumbnail-caption-wrapper--overlay\"><\/div>\n\t\t\t\t\t\t\t\t<\/div>\n\t\t\t\t\t\t<\/div>\n\t\t\t\t\t\t<div class='spectra-image-gallery__media-wrapper' data-spectra-gallery-image-id='83'>\n\t\t\t\t\t\t\t<div class=\"spectra-image-gallery__media spectra-image-gallery__media--carousel\">\n\t\t\t\t<picture>\n\t\t\t\t\t<source media=\"(min-width: 1024px)\" srcset=\"http:\/\/minariajans.com\/wp-content\/uploads\/2018\/08\/logo-02-free-img.jpg\">\n\t\t\t\t\t<source media=\"(min-width: 768px)\" srcset=\"http:\/\/minariajans.com\/wp-content\/uploads\/2018\/08\/logo-02-free-img.jpg\">\n\t\t\t\t\t<img decoding=\"async\" class=\"spectra-image-gallery__media-thumbnail spectra-image-gallery__media-thumbnail--carousel\" src=\"http:\/\/minariajans.com\/wp-content\/uploads\/2018\/08\/logo-02-free-img.jpg\" alt=\"Logo\" loading=\"lazy\" title=\"hakk\u0131m\u0131zda\">\n\t\t\t\t<\/picture>\n\t\t\t\t<div class=\"spectra-image-gallery__media-thumbnail-blurrer\"><\/div>\n\t\t\t\t\t\t\t\t\t\t\t<div class=\"spectra-image-gallery__media-thumbnail-caption-wrapper spectra-image-gallery__media-thumbnail-caption-wrapper--overlay\"><\/div>\n\t\t\t\t\t\t\t\t<\/div>\n\t\t\t\t\t\t<\/div>\n\t\t\t\t\t\t<div class='spectra-image-gallery__media-wrapper' data-spectra-gallery-image-id='84'>\n\t\t\t\t\t\t\t<div class=\"spectra-image-gallery__media spectra-image-gallery__media--carousel\">\n\t\t\t\t<picture>\n\t\t\t\t\t<source media=\"(min-width: 1024px)\" srcset=\"http:\/\/minariajans.com\/wp-content\/uploads\/2018\/08\/logo-01-free-img.jpg\">\n\t\t\t\t\t<source media=\"(min-width: 768px)\" srcset=\"http:\/\/minariajans.com\/wp-content\/uploads\/2018\/08\/logo-01-free-img.jpg\">\n\t\t\t\t\t<img decoding=\"async\" class=\"spectra-image-gallery__media-thumbnail spectra-image-gallery__media-thumbnail--carousel\" src=\"http:\/\/minariajans.com\/wp-content\/uploads\/2018\/08\/logo-01-free-img.jpg\" alt=\"Logo\" loading=\"lazy\" title=\"hakk\u0131m\u0131zda\">\n\t\t\t\t<\/picture>\n\t\t\t\t<div class=\"spectra-image-gallery__media-thumbnail-blurrer\"><\/div>\n\t\t\t\t\t\t\t\t\t\t\t<div class=\"spectra-image-gallery__media-thumbnail-caption-wrapper spectra-image-gallery__media-thumbnail-caption-wrapper--overlay\"><\/div>\n\t\t\t\t\t\t\t\t<\/div>\n\t\t\t\t\t\t<\/div>\n\t\t\t\t\t\t<div class='spectra-image-gallery__media-wrapper' data-spectra-gallery-image-id='81'>\n\t\t\t\t\t\t\t<div class=\"spectra-image-gallery__media spectra-image-gallery__media--carousel\">\n\t\t\t\t<picture>\n\t\t\t\t\t<source media=\"(min-width: 1024px)\" srcset=\"http:\/\/minariajans.com\/wp-content\/uploads\/2018\/08\/logo-04-free-img.jpg\">\n\t\t\t\t\t<source media=\"(min-width: 768px)\" srcset=\"http:\/\/minariajans.com\/wp-content\/uploads\/2018\/08\/logo-04-free-img.jpg\">\n\t\t\t\t\t<img decoding=\"async\" class=\"spectra-image-gallery__media-thumbnail spectra-image-gallery__media-thumbnail--carousel\" src=\"http:\/\/minariajans.com\/wp-content\/uploads\/2018\/08\/logo-04-free-img.jpg\" alt=\"Logo\" loading=\"lazy\" title=\"hakk\u0131m\u0131zda\">\n\t\t\t\t<\/picture>\n\t\t\t\t<div class=\"spectra-image-gallery__media-thumbnail-blurrer\"><\/div>\n\t\t\t\t\t\t\t\t\t\t\t<div class=\"spectra-image-gallery__media-thumbnail-caption-wrapper spectra-image-gallery__media-thumbnail-caption-wrapper--overlay\"><\/div>\n\t\t\t\t\t\t\t\t<\/div>\n\t\t\t\t\t\t<\/div>\n\t\t\t\t\t\t\t\t\t\t\t<\/div>\n\t\t\t\t\t\t\t<\/div>\n\t\t\t\t\t\t\t\t\t\t\t<\/div>\n\t\t\t\t\t\t\t\t\t<\/div><\/div>\n\n\n\n<div class=\"wp-block-uagb-container uagb-layout-grid uagb-block-c819cb22 alignfull uagb-is-root-container\"><div class=\"uagb-container-inner-blocks-wrap\">\n<div class=\"wp-block-uagb-info-box uagb-block-19c8a2c2 uagb-infobox__content-wrap  uagb-infobox-icon-above-title uagb-infobox-image-valign-top\"><div class=\"uagb-ifb-content\"><div class=\"uagb-ifb-title-wrap\"><h5 class=\"uagb-ifb-title-prefix\">Free Estimation<\/h5><h2 class=\"uagb-ifb-title\">Request A Quote<\/h2><\/div><p class=\"uagb-ifb-desc\">I am text block. Click edit button to change this text. Lorem ipsum dolor sit amet, consectetur adipiscing elit. Ut elit tellus, luctus nec ullamcorper mattis.<\/p><\/div><\/div>\n\n\n\n<div class=\"wp-block-uagb-buttons uagb-buttons__outer-wrap uagb-btn__default-btn uagb-btn-tablet__default-btn uagb-btn-mobile__default-btn uagb-block-15041b33\"><div class=\"uagb-buttons__wrap uagb-buttons-layout-wrap \">\n<div class=\"wp-block-uagb-buttons-child uagb-buttons__outer-wrap uagb-block-162a6ccd wp-block-button\"><div class=\"uagb-button__wrapper\"><a class=\"uagb-buttons-repeater wp-block-button__link\" aria-label=\"\" href=\"#\" rel=\"follow noopener\" target=\"_self\" role=\"button\"><div class=\"uagb-button__link\">Get A Quote<\/div><\/a><\/div><\/div>\n<\/div><\/div>\n<\/div><\/div>\n","protected":false},"excerpt":{"rendered":"<p>Stratejik PlanlamaMarkan\u0131n hedefleri, hedef kitlesi ve pazardaki konumu analiz edilerek, uzun vadeli bir b\u00fcy\u00fcme yol haritas\u0131 olu\u015fturulur.\u0130\u00e7erik ve Prod\u00fcksiyon Y\u00f6netimiMarka kimli\u011fine uygun, dikkat \u00e7eke Reklam ve Performans Y\u00f6netimiMeta ve di\u011fer dijital platformlarda y\u00fcr\u00fct\u00fclen reklam kampanyalar\u0131, veri odakl\u0131 olarak optimize edilir ve maksimum verim hedeflenir.\u0130leti\u015fim ve Marka DiliMarkan\u0131n dijitaldeki duru\u015fu, tonu ve mesajlar\u0131 b\u00fct\u00fcnc\u00fcl bir \u015fekilde [&hellip;]<\/p>\n","protected":false},"author":1,"featured_media":0,"parent":0,"menu_order":0,"comment_status":"closed","ping_status":"closed","template":"","meta":{"_uag_custom_page_level_css":"","site-sidebar-layout":"no-sidebar","site-content-layout":"","ast-site-content-layout":"full-width-container","site-content-style":"default","site-sidebar-style":"default","ast-global-header-display":"","ast-banner-title-visibility":"disabled","ast-main-header-display":"","ast-hfb-above-header-display":"","ast-hfb-below-header-display":"","ast-hfb-mobile-header-display":"","site-post-title":"disabled","ast-breadcrumbs-content":"","ast-featured-img":"","footer-sml-layout":"","ast-disable-related-posts":"","theme-transparent-header-meta":"enabled","adv-header-id-meta":"","stick-header-meta":"","header-above-stick-meta":"","header-main-stick-meta":"","header-below-stick-meta":"","astra-migrate-meta-layouts":"set","ast-page-background-enabled":"default","ast-page-background-meta":{"desktop":{"background-color":"","background-image":"","background-repeat":"repeat","background-position":"center center","background-size":"auto","background-attachment":"scroll","background-type":"","background-media":"","overlay-type":"","overlay-color":"","overlay-opacity":"","overlay-gradient":""},"tablet":{"background-color":"","background-image":"","background-repeat":"repeat","background-position":"center center","background-size":"auto","background-attachment":"scroll","background-type":"","background-media":"","overlay-type":"","overlay-color":"","overlay-opacity":"","overlay-gradient":""},"mobile":{"background-color":"","background-image":"","background-repeat":"repeat","background-position":"center center","background-size":"auto","background-attachment":"scroll","background-type":"","background-media":"","overlay-type":"","overlay-color":"","overlay-opacity":"","overlay-gradient":""}},"ast-content-background-meta":{"desktop":{"background-color":"var(--ast-global-color-5)","background-image":"","background-repeat":"repeat","background-position":"center center","background-size":"auto","background-attachment":"scroll","background-type":"","background-media":"","overlay-type":"","overlay-color":"","overlay-opacity":"","overlay-gradient":""},"tablet":{"background-color":"var(--ast-global-color-5)","background-image":"","background-repeat":"repeat","background-position":"center center","background-size":"auto","background-attachment":"scroll","background-type":"","background-media":"","overlay-type":"","overlay-color":"","overlay-opacity":"","overlay-gradient":""},"mobile":{"background-color":"var(--ast-global-color-5)","background-image":"","background-repeat":"repeat","background-position":"center center","background-size":"auto","background-attachment":"scroll","background-type":"","background-media":"","overlay-type":"","overlay-color":"","overlay-opacity":"","overlay-gradient":""}},"footnotes":""},"class_list":["post-387","page","type-page","status-publish","hentry"],"aioseo_notices":[],"_hostinger_reach_plugin_has_subscription_block":false,"_hostinger_reach_plugin_is_elementor":false,"uagb_featured_image_src":{"full":false,"thumbnail":false,"medium":false,"medium_large":false,"large":false,"1536x1536":false,"2048x2048":false},"uagb_author_info":{"display_name":"minariajans@gmail.com","author_link":"https:\/\/minariajans.com\/?author=1"},"uagb_comment_info":0,"uagb_excerpt":"Stratejik PlanlamaMarkan\u0131n hedefleri, hedef kitlesi ve pazardaki konumu analiz edilerek, uzun vadeli bir b\u00fcy\u00fcme yol haritas\u0131 olu\u015fturulur.\u0130\u00e7erik ve Prod\u00fcksiyon Y\u00f6netimiMarka kimli\u011fine uygun, dikkat \u00e7eke Reklam ve Performans Y\u00f6netimiMeta ve di\u011fer dijital platformlarda y\u00fcr\u00fct\u00fclen reklam kampanyalar\u0131, veri odakl\u0131 olarak optimize edilir ve maksimum verim hedeflenir.\u0130leti\u015fim ve Marka DiliMarkan\u0131n dijitaldeki duru\u015fu, tonu ve mesajlar\u0131 b\u00fct\u00fcnc\u00fcl bir \u015fekilde&hellip;","_links":{"self":[{"href":"https:\/\/minariajans.com\/index.php?rest_route=\/wp\/v2\/pages\/387","targetHints":{"allow":["GET"]}}],"collection":[{"href":"https:\/\/minariajans.com\/index.php?rest_route=\/wp\/v2\/pages"}],"about":[{"href":"https:\/\/minariajans.com\/index.php?rest_route=\/wp\/v2\/types\/page"}],"author":[{"embeddable":true,"href":"https:\/\/minariajans.com\/index.php?rest_route=\/wp\/v2\/users\/1"}],"replies":[{"embeddable":true,"href":"https:\/\/minariajans.com\/index.php?rest_route=%2Fwp%2Fv2%2Fcomments&post=387"}],"version-history":[{"count":8,"href":"https:\/\/minariajans.com\/index.php?rest_route=\/wp\/v2\/pages\/387\/revisions"}],"predecessor-version":[{"id":3299,"href":"https:\/\/minariajans.com\/index.php?rest_route=\/wp\/v2\/pages\/387\/revisions\/3299"}],"wp:attachment":[{"href":"https:\/\/minariajans.com\/index.php?rest_route=%2Fwp%2Fv2%2Fmedia&parent=387"}],"curies":[{"name":"wp","href":"https:\/\/api.w.org\/{rel}","templated":true}]}}